{"id":1767,"date":"2022-11-25T00:12:36","date_gmt":"2022-11-25T00:12:36","guid":{"rendered":"https:\/\/meamenta.com\/?page_id=1767"},"modified":"2026-02-22T12:18:00","modified_gmt":"2026-02-22T12:18:00","slug":"imprint","status":"publish","type":"page","link":"https:\/\/meamenta.com\/?page_id=1767","title":{"rendered":"Imprint"},"content":{"rendered":"\n\n\t<h1>Impressum<\/h1>\n<p><strong>Angaben gem\u00e4\u00df \u00a7\u202f5\u202fDDG (Digitale\u2011Dienste\u2011Gesetz):<\/strong><\/p>\nResponsible for content:<br \/>\nMeamenta.com<br \/>\ninfo()at()meamenta.().com<br \/>\nvassallo business park<br \/>\nburmarrad road naxxar nxr<br \/>\n6345 malta\n<h2>Haftung f\u00fcr Inhalte<\/h2>\nAls Diensteanbieter sind wir gem\u00e4\u00df den allgemeinen Gesetzen f\u00fcr eigene Inhalte auf dieser Website verantwortlich.<br \/>\nNach dem DDG sind wir jedoch nicht verpflichtet, \u00fcbermittelte oder gespeicherte fremde Informationen zu \u00fcberwachen oder nach Umst\u00e4nden zu forschen, die auf eine rechtswidrige T\u00e4tigkeit hinweisen.<br \/>\nVerpflichtungen zur Entfernung oder Sperrung der Nutzung von Informationen nach den allgemeinen Gesetzen bleiben unber\u00fchrt.\n<h2>Haftung f\u00fcr Links<\/h2>\nUnsere Website enth\u00e4lt Links zu externen Websites Dritter, auf deren Inhalte wir keinen Einfluss haben.<br \/>\nF\u00fcr die Inhalte verlinkter Seiten ist stets der jeweilige Anbieter oder Betreiber verantwortlich.<br \/>\nBei Bekanntwerden von Rechtsverletzungen werden wir derartige Links umgehend entfernen.\n<h2>Urheberrecht<\/h2>\nDie durch die Seitenbetreiber erstellten Inhalte und Werke auf dieser Website unterliegen dem Urheberrecht.<br \/>\nDie Vervielf\u00e4ltigung, Bearbeitung, Verbreitung und jede Art der Verwertung au\u00dferhalb der Grenzen des Urheberrechts bed\u00fcrfen der schriftlichen Zustimmung des jeweiligen Autors bzw. Erstellers.<br \/>\nDownloads und Kopien dieser Seite sind nur f\u00fcr den privaten, nicht kommerziellen Gebrauch gestattet.\n<h2>Online\u2011Streitbeilegung<\/h2>\nDie Europ\u00e4ische Kommission stellt eine Plattform zur Online-Streitbeilegung (OS) bereit:<br \/>\n<a href=\"https:\/\/ec.europa.eu\/consumers\/odr\">https:\/\/ec.europa.eu\/consumers\/odr<\/a><br \/>\nUnsere E-Mail-Adresse finden Sie oben im Impressum.\n<h2>Verbraucherstreitbeilegung \/ Allgemeine Informationen<\/h2>\n<p>Wir sind nicht bereit oder verpflichtet, an Streitbeilegungsverfahren vor einer Verbraucherschlichtungsstelle teilzunehmen.<\/p>\n<p>&nbsp;<\/p>\n\n","protected":false},"excerpt":{"rendered":"<p>Impressum Angaben gem\u00e4\u00df \u00a7\u202f5\u202fDDG (Digitale\u2011Dienste\u2011Gesetz): Responsible for content: Meamenta.com info()at()meamenta.().com vassallo business park burmarrad road naxxar nxr 6345 malta Haftung f\u00fcr Inhalte Als Diensteanbieter sind wir gem\u00e4\u00df den allgemeinen Gesetzen f\u00fcr eigene Inhalte auf dieser Website verantwortlich. Nach dem DDG sind wir jedoch nicht verpflichtet, \u00fcbermittelte oder gespeicherte fremde Informationen zu \u00fcberwachen oder nach Umst\u00e4nden &hellip; <\/p>\n<p class=\"link-more\"><a href=\"https:\/\/meamenta.com\/?page_id=1767\" class=\"more-link\">Mehr <span class=\"screen-reader-text\">\u00fcber &#8222;Imprint&#8220; <\/span>Lesen<\/a><\/p>\n","protected":false},"author":1,"featured_media":0,"parent":0,"menu_order":0,"comment_status":"closed","ping_status":"closed","template":"","meta":{"_monsterinsights_skip_tracking":false,"_monsterinsights_sitenote_active":false,"_monsterinsights_sitenote_note":"","_monsterinsights_sitenote_category":0,"footnotes":""},"class_list":["post-1767","page","type-page","status-publish","hentry"],"jetpack_sharing_enabled":true,"featured_media_urls":[],"_links":{"self":[{"href":"https:\/\/meamenta.com\/index.php?rest_route=\/wp\/v2\/pages\/1767","targetHints":{"allow":["GET"]}}],"collection":[{"href":"https:\/\/meamenta.com\/index.php?rest_route=\/wp\/v2\/pages"}],"about":[{"href":"https:\/\/meamenta.com\/index.php?rest_route=\/wp\/v2\/types\/page"}],"author":[{"embeddable":true,"href":"https:\/\/meamenta.com\/index.php?rest_route=\/wp\/v2\/users\/1"}],"replies":[{"embeddable":true,"href":"https:\/\/meamenta.com\/index.php?rest_route=%2Fwp%2Fv2%2Fcomments&post=1767"}],"version-history":[{"count":11,"href":"https:\/\/meamenta.com\/index.php?rest_route=\/wp\/v2\/pages\/1767\/revisions"}],"predecessor-version":[{"id":2136,"href":"https:\/\/meamenta.com\/index.php?rest_route=\/wp\/v2\/pages\/1767\/revisions\/2136"}],"wp:attachment":[{"href":"https:\/\/meamenta.com\/index.php?rest_route=%2Fwp%2Fv2%2Fmedia&parent=1767"}],"curies":[{"name":"wp","href":"https:\/\/api.w.org\/{rel}","templated":true}]}}