{"id":1842,"date":"2024-11-03T16:12:48","date_gmt":"2024-11-03T16:12:48","guid":{"rendered":"https:\/\/meamenta.com\/?page_id=1842"},"modified":"2025-11-12T13:00:45","modified_gmt":"2025-11-12T13:00:45","slug":"menthol-cubes","status":"publish","type":"page","link":"https:\/\/meamenta.com\/?page_id=1842","title":{"rendered":"Sauna Menthol Cubes"},"content":{"rendered":"\n<h2>\n\t\t\tSauna Menthol Cubes &#8211; Eukalyptus &#038; Zedernholz\t<\/h2>\n\t\t\t\t<img loading=\"lazy\" decoding=\"async\" src=\"https:\/\/meamenta.com\/wp-content\/uploads\/2025\/02\/Menthol-Cubes-Product.png\" alt=\"Menthol-Cubes-Product\" itemprop=\"image\" height=\"743\" width=\"598\" title=\"Menthol-Cubes-Product\" onerror=\"this.style.display='none'\" loading=\"lazy\" \/>\n\t\t\t\t<img loading=\"lazy\" decoding=\"async\" src=\"https:\/\/meamenta.com\/wp-content\/uploads\/2025\/10\/Menthol-Cubes-Sauna-Informations2.jpg\" alt=\"Menthol-Cubes-Sauna-Informations2\" itemprop=\"image\" height=\"596\" width=\"598\" title=\"Menthol-Cubes-Sauna-Informations2\" onerror=\"this.style.display='none'\" loading=\"lazy\" \/>\n\tOriginal MeaMenta Mentholw\u00fcrfel.<br \/>\nMini-Saunaw\u00fcrfel aus reinen Mentholkristallen, verfeinert mit \u00e4therischen \u00d6len Eukalyptus &amp; Zedernholz<br \/>\nf\u00fcr ein perfektes Frischeerlebnis in der Sauna.<br \/>\n100 % reines Menthol aus Minz\u00f6l (Mentholkristalle)<br \/>\nBio-Zedernholz\u00f6l (Atlas) Cedrus Atlantica<br \/>\nEukalyptus\u00f6l (100 % nat\u00fcrlich Eucalyptus Globolus)\nErfrischend, belebend und k\u00fchlend.<br \/>\nBefreit die Atemwege.<br \/>\nVerstr\u00f6mt einen wunderbaren Duft nach Minze, Eukalyptus und Zedernholz.<br \/>\n100 % nat\u00fcrlich, ohne Zusatzstoffe.<br \/>\nEinfache Anwendung, kein Kr\u00fcmeln.\nAnwendungshinweise:<br \/>\nJeder W\u00fcrfel enth\u00e4lt ca. 0,7-1 g Menthol.<br \/>\nJe nach Saunagr\u00f6\u00dfe und gew\u00fcnschter Intensit\u00e4t sparsam dosieren; 1-2 W\u00fcrfel gen\u00fcgen in der Regel.<br \/>\nEntweder direkt auf den Saunastein legen oder in warmem Aufguss aufl\u00f6sen.\n\n","protected":false},"excerpt":{"rendered":"<p>Sauna Menthol Cubes &#8211; Eukalyptus &#038; Zedernholz Original MeaMenta Mentholw\u00fcrfel. Mini-Saunaw\u00fcrfel aus reinen Mentholkristallen, verfeinert mit \u00e4therischen \u00d6len Eukalyptus &amp; Zedernholz f\u00fcr ein perfektes Frischeerlebnis in der Sauna. 100 % reines Menthol aus Minz\u00f6l (Mentholkristalle) Bio-Zedernholz\u00f6l (Atlas) Cedrus Atlantica Eukalyptus\u00f6l (100 % nat\u00fcrlich Eucalyptus Globolus) Erfrischend, belebend und k\u00fchlend. Befreit die Atemwege. Verstr\u00f6mt einen wunderbaren &hellip; <\/p>\n<p class=\"link-more\"><a href=\"https:\/\/meamenta.com\/?page_id=1842\" class=\"more-link\">Mehr <span class=\"screen-reader-text\">\u00fcber &#8222;Sauna Menthol Cubes&#8220; <\/span>Lesen<\/a><\/p>\n","protected":false},"author":1,"featured_media":0,"parent":0,"menu_order":0,"comment_status":"closed","ping_status":"closed","template":"","meta":{"_monsterinsights_skip_tracking":false,"_monsterinsights_sitenote_active":false,"_monsterinsights_sitenote_note":"","_monsterinsights_sitenote_category":0,"footnotes":""},"class_list":["post-1842","page","type-page","status-publish","hentry"],"jetpack_sharing_enabled":true,"featured_media_urls":[],"_links":{"self":[{"href":"https:\/\/meamenta.com\/index.php?rest_route=\/wp\/v2\/pages\/1842","targetHints":{"allow":["GET"]}}],"collection":[{"href":"https:\/\/meamenta.com\/index.php?rest_route=\/wp\/v2\/pages"}],"about":[{"href":"https:\/\/meamenta.com\/index.php?rest_route=\/wp\/v2\/types\/page"}],"author":[{"embeddable":true,"href":"https:\/\/meamenta.com\/index.php?rest_route=\/wp\/v2\/users\/1"}],"replies":[{"embeddable":true,"href":"https:\/\/meamenta.com\/index.php?rest_route=%2Fwp%2Fv2%2Fcomments&post=1842"}],"version-history":[{"count":27,"href":"https:\/\/meamenta.com\/index.php?rest_route=\/wp\/v2\/pages\/1842\/revisions"}],"predecessor-version":[{"id":2041,"href":"https:\/\/meamenta.com\/index.php?rest_route=\/wp\/v2\/pages\/1842\/revisions\/2041"}],"wp:attachment":[{"href":"https:\/\/meamenta.com\/index.php?rest_route=%2Fwp%2Fv2%2Fmedia&parent=1842"}],"curies":[{"name":"wp","href":"https:\/\/api.w.org\/{rel}","templated":true}]}}