{"id":397,"date":"2022-03-27T18:51:22","date_gmt":"2022-03-27T18:51:22","guid":{"rendered":"https:\/\/meamenta.com\/?page_id=397"},"modified":"2025-11-25T17:21:13","modified_gmt":"2025-11-25T17:21:13","slug":"disclaimer","status":"publish","type":"page","link":"https:\/\/meamenta.com\/?page_id=397","title":{"rendered":"Disclaimer"},"content":{"rendered":"\t\t<div data-elementor-type=\"wp-page\" data-elementor-id=\"397\" class=\"elementor elementor-397\">\n\t\t\t\t\t\t<section class=\"elementor-section elementor-top-section elementor-element elementor-element-2df9304d elementor-section-boxed elementor-section-height-default elementor-section-height-default\" data-id=\"2df9304d\" data-element_type=\"section\" data-e-type=\"section\">\n\t\t\t\t\t\t<div class=\"elementor-container elementor-column-gap-default\">\n\t\t\t\t\t<div class=\"elementor-column elementor-col-100 elementor-top-column elementor-element elementor-element-2bddfe22\" data-id=\"2bddfe22\" data-element_type=\"column\" data-e-type=\"column\">\n\t\t\t<div class=\"elementor-widget-wrap elementor-element-populated\">\n\t\t\t\t\t\t<div class=\"elementor-element elementor-element-6874ad elementor-widget elementor-widget-text-editor\" data-id=\"6874ad\" data-element_type=\"widget\" data-e-type=\"widget\" data-widget_type=\"text-editor.default\">\n\t\t\t\t<div class=\"elementor-widget-container\">\n\t\t\t\t\t\t\t\t\t\n<p>The information contained in this website is for general information purposes only. The information is provided by MeaMenta.com and while we endeavour to keep the information up to date and correct, we make no representations or warranties of any kind, express or implied, about the completeness, accuracy, reliability, suitability or availability with respect to the website or the information, products, services, or related graphics contained on the website for any purpose. Any reliance you place on such information is therefore strictly at your own risk. In no event will we be liable for any loss or damage including without limitation, indirect or consequential loss or damage, or any loss or damage whatsoever arising from loss of data or profits arising out of, or in connection with, the use of this website. Every effort is made to keep the website up and running smoothly. However, MeaMenta.com takes no responsibility for, and will not be liable for, the website being temporarily unavailable due to technical issues beyond our control.<\/p>\n\n<h4 class=\"wp-block-heading\">Hyperlinks<\/h4>\n\n<p>The Website contains hyperlinks and other pointers to websites operated by third parties (\u201cLinked Websites\u201d). We do not control linked websites and are therefore not responsible for the content of any linked website or any hyperlink contained in a linked website. We provide the hyperlinks for your convenience only and do not indicate, expressly or implicitly, any endorsement, sponsorship or approval by us of a linked website or the products or services offered at linked websites.You visit any linked website entirely at your own risk. We do not provide any warranty or take any responsibility for any aspect of linked websites or their content.<\/p>\n\n<h4 class=\"wp-block-heading\">Copyright notice<\/h4>\n\n<p>This website and its content is copyright of MeaMenta.com &#8211; \u00a9 MeaMenta.com 2022. All rights reserved. Any redistribution or reproduction of part or all of the contents in any form is prohibited other than the following: You may print or download to a local hard disk extracts for your personal and non-commercial use only. You may copy the content to individual third parties for their personal use, but only if you acknowledge the website as the source of the material. You may not, except with our express written permission, distribute or commercially exploit the content. Nor may you transmit it or store it in any other website or other form of electronic retrieval system. The Website is based on WordPress technology (c) WordPress all rights reserved. Store technology (c) by Woo Commerce all rights reserved.\u00a0 Some images or parts of images are used from royalty free image websites and are, to our knowledge, entirely free even for commercial use. However, if you feel that your work has been found here and you demand removal or attribution, do not hesitate to contact us.\u00a0<\/p>\n\t\t\t\t\t\t\t\t<\/div>\n\t\t\t\t<\/div>\n\t\t\t\t\t<\/div>\n\t\t<\/div>\n\t\t\t\t\t<\/div>\n\t\t<\/section>\n\t\t\t\t<\/div>\n\t\t","protected":false},"excerpt":{"rendered":"<p>Haftungsausschluss Zuletzt aktualisiert: 25. November 2025 1. Allgemeine Hinweise Die Inhalte dieses Webshops wurden sorgf\u00e4ltig erstellt. Dennoch \u00fcbernehmen wir keine Gew\u00e4hr f\u00fcr die Richtigkeit, Vollst\u00e4ndigkeit oder Aktualit\u00e4t der bereitgestellten Informationen. Alle Angebote sind freibleibend und unverbindlich. \u00c4nderungen, Irrt\u00fcmer oder Preisabweichungen bleiben vorbehalten. 2. Produkte, Preise und Verf\u00fcgbarkeit Produktinformationen, Bilder, Preise und Verf\u00fcgbarkeiten dienen ausschlie\u00dflich der &hellip; <\/p>\n<p class=\"link-more\"><a href=\"https:\/\/meamenta.com\/?page_id=397\" class=\"more-link\">Mehr <span class=\"screen-reader-text\">\u00fcber &#8222;Disclaimer&#8220; <\/span>Lesen<\/a><\/p>\n","protected":false},"author":1,"featured_media":0,"parent":0,"menu_order":0,"comment_status":"closed","ping_status":"closed","template":"","meta":{"_monsterinsights_skip_tracking":false,"_monsterinsights_sitenote_active":false,"_monsterinsights_sitenote_note":"","_monsterinsights_sitenote_category":0,"footnotes":""},"class_list":["post-397","page","type-page","status-publish","hentry"],"jetpack_sharing_enabled":true,"featured_media_urls":[],"_links":{"self":[{"href":"https:\/\/meamenta.com\/index.php?rest_route=\/wp\/v2\/pages\/397","targetHints":{"allow":["GET"]}}],"collection":[{"href":"https:\/\/meamenta.com\/index.php?rest_route=\/wp\/v2\/pages"}],"about":[{"href":"https:\/\/meamenta.com\/index.php?rest_route=\/wp\/v2\/types\/page"}],"author":[{"embeddable":true,"href":"https:\/\/meamenta.com\/index.php?rest_route=\/wp\/v2\/users\/1"}],"replies":[{"embeddable":true,"href":"https:\/\/meamenta.com\/index.php?rest_route=%2Fwp%2Fv2%2Fcomments&post=397"}],"version-history":[{"count":19,"href":"https:\/\/meamenta.com\/index.php?rest_route=\/wp\/v2\/pages\/397\/revisions"}],"predecessor-version":[{"id":2106,"href":"https:\/\/meamenta.com\/index.php?rest_route=\/wp\/v2\/pages\/397\/revisions\/2106"}],"wp:attachment":[{"href":"https:\/\/meamenta.com\/index.php?rest_route=%2Fwp%2Fv2%2Fmedia&parent=397"}],"curies":[{"name":"wp","href":"https:\/\/api.w.org\/{rel}","templated":true}]}}