{"id":2043,"date":"2025-11-12T13:12:48","date_gmt":"2025-11-12T13:12:48","guid":{"rendered":"https:\/\/meamenta.com\/?post_type=product&#038;p=2043"},"modified":"2025-11-13T15:36:55","modified_gmt":"2025-11-13T15:36:55","slug":"sauna-menthol-cubes-200g","status":"publish","type":"product","link":"https:\/\/meamenta.com\/?product=sauna-menthol-cubes-200g","title":{"rendered":"Sauna Menthol Cubes 200g"},"content":{"rendered":"<p style=\"text-align: center;\">Original MeaMenta Mentholw\u00fcrfel.<br \/>\nMini-Saunaw\u00fcrfel aus reinen Mentholkristallen, verfeinert mit \u00e4therischen \u00d6len aus Eukalyptus und Zedernholz<br \/>\nf\u00fcr ein perfektes Frischeerlebnis in der Sauna.<br \/>\n100 % reines Menthol aus Minz\u00f6l, Bio-Zedernholz\u00f6l (Atlas) Cedrus Atlantica und Eukalyptus\u00f6l<br \/>\n(100 % nat\u00fcrlich Eucalyptus Globolus).<\/p>\n<p style=\"text-align: center;\">Erfrischend, belebend und k\u00fchlend. Befreit die Atemwege.<br \/>\nVerstr\u00f6mt einen wunderbaren Duft nach Minze, Eukalyptus und Zedernholz.<br \/>\nNaturrein, ohne Zusatzstoffe. Einfache Anwendung, kein Kr\u00fcmeln.<\/p>\n<p style=\"text-align: center;\">Anwendungshinweise:<br \/>\nJeder W\u00fcrfel enth\u00e4lt ca. 0,7\u20131 g Menthol.<\/p>\n<p style=\"text-align: center;\">Je nach Saunagr\u00f6\u00dfe und gew\u00fcnschter Intensit\u00e4t sparsam dosieren; 1\u20132 W\u00fcrfel gen\u00fcgen in der Regel.<br \/>\nEntweder direkt auf den Saunastein legen oder in warmem Aufguss aufl\u00f6sen.<\/p>\n","protected":false},"excerpt":{"rendered":"<p>Original MeaMenta Mentholw\u00fcrfel. 200g Beutel.<\/p>\n<p>\u2022 Verfeinert mit \u00e4therischen \u00d6len aus Eukalyptus und Zedernholz.<br \/>\n\u2022 100 % reines, biologisches Menthol aus Minz\u00f6l.<br \/>\n\u2022 Echtes Zedernholz\u00f6l (Atlaszeder, Cedrus atlantica)<br \/>\n\u2022 Bio-Eukalyptus\u00f6l (100 % nat\u00fcrlich, Eucalyptus globolus)<\/p>\n","protected":false},"featured_media":1972,"template":"","meta":{"_monsterinsights_skip_tracking":false,"_monsterinsights_sitenote_active":false,"_monsterinsights_sitenote_note":"","_monsterinsights_sitenote_category":0},"product_brand":[],"product_cat":[153],"product_tag":[],"class_list":{"0":"post-2043","1":"product","2":"type-product","3":"status-publish","4":"has-post-thumbnail","6":"product_cat-sauna-menthol-cubes","8":"first","9":"instock","10":"taxable","11":"shipping-taxable","12":"purchasable","13":"product-type-simple"},"jetpack_sharing_enabled":true,"featured_media_urls":{"thumbnail":["https:\/\/meamenta.com\/wp-content\/uploads\/2025\/02\/Menthol-Cubes-Product-150x150.png",150,150,true],"medium":["https:\/\/meamenta.com\/wp-content\/uploads\/2025\/02\/Menthol-Cubes-Product-241x300.png",241,300,true],"medium_large":["https:\/\/meamenta.com\/wp-content\/uploads\/2025\/02\/Menthol-Cubes-Product.png",598,743,false],"large":["https:\/\/meamenta.com\/wp-content\/uploads\/2025\/02\/Menthol-Cubes-Product.png",598,743,false],"1536x1536":["https:\/\/meamenta.com\/wp-content\/uploads\/2025\/02\/Menthol-Cubes-Product.png",598,743,false],"2048x2048":["https:\/\/meamenta.com\/wp-content\/uploads\/2025\/02\/Menthol-Cubes-Product.png",598,743,false],"inspiro-featured-image":["https:\/\/meamenta.com\/wp-content\/uploads\/2025\/02\/Menthol-Cubes-Product.png",598,743,false],"inspiro-loop":["https:\/\/meamenta.com\/wp-content\/uploads\/2025\/02\/Menthol-Cubes-Product-598x320.png",598,320,true],"inspiro-loop@2x":["https:\/\/meamenta.com\/wp-content\/uploads\/2025\/02\/Menthol-Cubes-Product-598x640.png",598,640,true],"woocommerce_thumbnail":["https:\/\/meamenta.com\/wp-content\/uploads\/2025\/02\/Menthol-Cubes-Product-400x497.png",400,497,true],"woocommerce_single":["https:\/\/meamenta.com\/wp-content\/uploads\/2025\/02\/Menthol-Cubes-Product-300x373.png",300,373,true],"woocommerce_gallery_thumbnail":["https:\/\/meamenta.com\/wp-content\/uploads\/2025\/02\/Menthol-Cubes-Product-100x100.png",100,100,true],"portfolio_item-thumbnail":["https:\/\/meamenta.com\/wp-content\/uploads\/2025\/02\/Menthol-Cubes-Product-598x400.png",598,400,true],"portfolio_item-thumbnail@2x":["https:\/\/meamenta.com\/wp-content\/uploads\/2025\/02\/Menthol-Cubes-Product.png",598,743,false],"portfolio_item-masonry":["https:\/\/meamenta.com\/wp-content\/uploads\/2025\/02\/Menthol-Cubes-Product.png",598,743,false],"portfolio_item-masonry@2x":["https:\/\/meamenta.com\/wp-content\/uploads\/2025\/02\/Menthol-Cubes-Product.png",598,743,false],"portfolio_item-thumbnail_cinema":["https:\/\/meamenta.com\/wp-content\/uploads\/2025\/02\/Menthol-Cubes-Product-598x335.png",598,335,true],"portfolio_item-thumbnail_portrait":["https:\/\/meamenta.com\/wp-content\/uploads\/2025\/02\/Menthol-Cubes-Product.png",598,743,false],"portfolio_item-thumbnail_portrait@2x":["https:\/\/meamenta.com\/wp-content\/uploads\/2025\/02\/Menthol-Cubes-Product.png",598,743,false],"portfolio_item-thumbnail_square":["https:\/\/meamenta.com\/wp-content\/uploads\/2025\/02\/Menthol-Cubes-Product.png",598,743,false],"sow-carousel-default":["https:\/\/meamenta.com\/wp-content\/uploads\/2025\/02\/Menthol-Cubes-Product-272x182.png",272,182,true]},"_links":{"self":[{"href":"https:\/\/meamenta.com\/index.php?rest_route=\/wp\/v2\/product\/2043","targetHints":{"allow":["GET"]}}],"collection":[{"href":"https:\/\/meamenta.com\/index.php?rest_route=\/wp\/v2\/product"}],"about":[{"href":"https:\/\/meamenta.com\/index.php?rest_route=\/wp\/v2\/types\/product"}],"wp:featuredmedia":[{"embeddable":true,"href":"https:\/\/meamenta.com\/index.php?rest_route=\/wp\/v2\/media\/1972"}],"wp:attachment":[{"href":"https:\/\/meamenta.com\/index.php?rest_route=%2Fwp%2Fv2%2Fmedia&parent=2043"}],"wp:term":[{"taxonomy":"product_brand","embeddable":true,"href":"https:\/\/meamenta.com\/index.php?rest_route=%2Fwp%2Fv2%2Fproduct_brand&post=2043"},{"taxonomy":"product_cat","embeddable":true,"href":"https:\/\/meamenta.com\/index.php?rest_route=%2Fwp%2Fv2%2Fproduct_cat&post=2043"},{"taxonomy":"product_tag","embeddable":true,"href":"https:\/\/meamenta.com\/index.php?rest_route=%2Fwp%2Fv2%2Fproduct_tag&post=2043"}],"curies":[{"name":"wp","href":"https:\/\/api.w.org\/{rel}","templated":true}]}}