{"id":2054,"date":"2025-11-13T16:41:41","date_gmt":"2025-11-13T16:41:41","guid":{"rendered":"https:\/\/meamenta.com\/?post_type=product&#038;p=2054"},"modified":"2025-11-13T16:41:41","modified_gmt":"2025-11-13T16:41:41","slug":"menthol-kristalle-100g","status":"publish","type":"product","link":"https:\/\/meamenta.com\/?product=menthol-kristalle-100g","title":{"rendered":"Menthol Kristalle 100g"},"content":{"rendered":"<p>Unsere Mentholkristalle bestehen aus 100 % reinem, nat\u00fcrlichem Minz\u00f6l. Der kr\u00e4ftige, erfrischende Duft von Menthol sorgt f\u00fcr ein belebendes Saunaerlebnis und der k\u00fchlende Effekt auf der Haut wird als sehr angenehm empfunden. Mentholkristalle k\u00f6nnen zudem die Atemwege befreien und harmonieren perfekt mit anderen Saunad\u00fcften. Mentholkristalle sind vielseitig einsetzbar \u2013 ideal f\u00fcr Luft-Diffusoren, in Duftschalen als Raumerfrischer oder Verdampfer. Probieren Sie unbedingt auch unsere Mentholw\u00fcrfel f\u00fcr die Sauna aus.<\/p>\n","protected":false},"excerpt":{"rendered":"<p>Original MeaMenta Mentholkristalle<\/p>\n<p>\u2022 100 % nat\u00fcrlich und biologisch.<br \/>\n\u2022 Gewonnen aus reinem Minz\u00f6l.<br \/>\n\u2022 Hochkonzentrierte Frische f\u00fcr vielseitige Anwendungen.<br \/>\n\u2022 Ideal f\u00fcr Sauna und Aufg\u00fcsse.<\/p>\n","protected":false},"featured_media":1997,"template":"","meta":{"_monsterinsights_skip_tracking":false,"_monsterinsights_sitenote_active":false,"_monsterinsights_sitenote_note":"","_monsterinsights_sitenote_category":0},"product_brand":[],"product_cat":[154],"product_tag":[],"class_list":{"0":"post-2054","1":"product","2":"type-product","3":"status-publish","4":"has-post-thumbnail","6":"product_cat-menthol-crystals","8":"first","9":"instock","10":"taxable","11":"shipping-taxable","12":"purchasable","13":"product-type-simple"},"jetpack_sharing_enabled":true,"featured_media_urls":{"thumbnail":["https:\/\/meamenta.com\/wp-content\/uploads\/2025\/10\/Menthol-Crystals-Product-Full-Bag-150x150.png",150,150,true],"medium":["https:\/\/meamenta.com\/wp-content\/uploads\/2025\/10\/Menthol-Crystals-Product-Full-Bag-241x300.png",241,300,true],"medium_large":["https:\/\/meamenta.com\/wp-content\/uploads\/2025\/10\/Menthol-Crystals-Product-Full-Bag.png",598,743,false],"large":["https:\/\/meamenta.com\/wp-content\/uploads\/2025\/10\/Menthol-Crystals-Product-Full-Bag.png",598,743,false],"1536x1536":["https:\/\/meamenta.com\/wp-content\/uploads\/2025\/10\/Menthol-Crystals-Product-Full-Bag.png",598,743,false],"2048x2048":["https:\/\/meamenta.com\/wp-content\/uploads\/2025\/10\/Menthol-Crystals-Product-Full-Bag.png",598,743,false],"inspiro-featured-image":["https:\/\/meamenta.com\/wp-content\/uploads\/2025\/10\/Menthol-Crystals-Product-Full-Bag.png",598,743,false],"inspiro-loop":["https:\/\/meamenta.com\/wp-content\/uploads\/2025\/10\/Menthol-Crystals-Product-Full-Bag-598x320.png",598,320,true],"inspiro-loop@2x":["https:\/\/meamenta.com\/wp-content\/uploads\/2025\/10\/Menthol-Crystals-Product-Full-Bag-598x640.png",598,640,true],"woocommerce_thumbnail":["https:\/\/meamenta.com\/wp-content\/uploads\/2025\/10\/Menthol-Crystals-Product-Full-Bag-400x497.png",400,497,true],"woocommerce_single":["https:\/\/meamenta.com\/wp-content\/uploads\/2025\/10\/Menthol-Crystals-Product-Full-Bag-300x373.png",300,373,true],"woocommerce_gallery_thumbnail":["https:\/\/meamenta.com\/wp-content\/uploads\/2025\/10\/Menthol-Crystals-Product-Full-Bag-100x100.png",100,100,true],"portfolio_item-thumbnail":["https:\/\/meamenta.com\/wp-content\/uploads\/2025\/10\/Menthol-Crystals-Product-Full-Bag-598x400.png",598,400,true],"portfolio_item-thumbnail@2x":["https:\/\/meamenta.com\/wp-content\/uploads\/2025\/10\/Menthol-Crystals-Product-Full-Bag.png",598,743,false],"portfolio_item-masonry":["https:\/\/meamenta.com\/wp-content\/uploads\/2025\/10\/Menthol-Crystals-Product-Full-Bag.png",598,743,false],"portfolio_item-masonry@2x":["https:\/\/meamenta.com\/wp-content\/uploads\/2025\/10\/Menthol-Crystals-Product-Full-Bag.png",598,743,false],"portfolio_item-thumbnail_cinema":["https:\/\/meamenta.com\/wp-content\/uploads\/2025\/10\/Menthol-Crystals-Product-Full-Bag-598x335.png",598,335,true],"portfolio_item-thumbnail_portrait":["https:\/\/meamenta.com\/wp-content\/uploads\/2025\/10\/Menthol-Crystals-Product-Full-Bag.png",598,743,false],"portfolio_item-thumbnail_portrait@2x":["https:\/\/meamenta.com\/wp-content\/uploads\/2025\/10\/Menthol-Crystals-Product-Full-Bag.png",598,743,false],"portfolio_item-thumbnail_square":["https:\/\/meamenta.com\/wp-content\/uploads\/2025\/10\/Menthol-Crystals-Product-Full-Bag.png",598,743,false],"sow-carousel-default":["https:\/\/meamenta.com\/wp-content\/uploads\/2025\/10\/Menthol-Crystals-Product-Full-Bag-272x182.png",272,182,true]},"_links":{"self":[{"href":"https:\/\/meamenta.com\/index.php?rest_route=\/wp\/v2\/product\/2054","targetHints":{"allow":["GET"]}}],"collection":[{"href":"https:\/\/meamenta.com\/index.php?rest_route=\/wp\/v2\/product"}],"about":[{"href":"https:\/\/meamenta.com\/index.php?rest_route=\/wp\/v2\/types\/product"}],"wp:featuredmedia":[{"embeddable":true,"href":"https:\/\/meamenta.com\/index.php?rest_route=\/wp\/v2\/media\/1997"}],"wp:attachment":[{"href":"https:\/\/meamenta.com\/index.php?rest_route=%2Fwp%2Fv2%2Fmedia&parent=2054"}],"wp:term":[{"taxonomy":"product_brand","embeddable":true,"href":"https:\/\/meamenta.com\/index.php?rest_route=%2Fwp%2Fv2%2Fproduct_brand&post=2054"},{"taxonomy":"product_cat","embeddable":true,"href":"https:\/\/meamenta.com\/index.php?rest_route=%2Fwp%2Fv2%2Fproduct_cat&post=2054"},{"taxonomy":"product_tag","embeddable":true,"href":"https:\/\/meamenta.com\/index.php?rest_route=%2Fwp%2Fv2%2Fproduct_tag&post=2054"}],"curies":[{"name":"wp","href":"https:\/\/api.w.org\/{rel}","templated":true}]}}